{"id":2152,"date":"2025-06-02T00:54:23","date_gmt":"2025-06-02T00:54:23","guid":{"rendered":"https:\/\/virtualxconnect.com\/?page_id=2152"},"modified":"2025-06-04T09:02:56","modified_gmt":"2025-06-04T09:02:56","slug":"access","status":"publish","type":"page","link":"https:\/\/virtualxconnect.com\/index.php\/access\/","title":{"rendered":"access"},"content":{"rendered":"\t\t<div data-elementor-type=\"wp-page\" data-elementor-id=\"2152\" class=\"elementor elementor-2152\">\n\t\t\t\t<div class=\"elementor-element elementor-element-ea86f9d e-flex e-con-boxed e-con e-parent\" data-id=\"ea86f9d\" data-element_type=\"container\" data-settings=\"{&quot;background_background&quot;:&quot;classic&quot;}\">\n\t\t\t\t\t<div class=\"e-con-inner\">\n\t\t\t\t<div class=\"elementor-element elementor-element-2d8eeef elementor-widget elementor-widget-image\" data-id=\"2d8eeef\" data-element_type=\"widget\" data-widget_type=\"image.default\">\n\t\t\t\t<div class=\"elementor-widget-container\">\n\t\t\t\t\t\t\t\t\t\t\t\t\t\t\t<img fetchpriority=\"high\" decoding=\"async\" width=\"833\" height=\"346\" src=\"https:\/\/virtualxconnect.com\/wp-content\/uploads\/2025\/06\/ChatGPT-Image-4-jun-2025-01_18_13-a.m.png\" class=\"attachment-1536x1536 size-1536x1536 wp-image-2176\" alt=\"\" srcset=\"https:\/\/virtualxconnect.com\/wp-content\/uploads\/2025\/06\/ChatGPT-Image-4-jun-2025-01_18_13-a.m.png 833w, https:\/\/virtualxconnect.com\/wp-content\/uploads\/2025\/06\/ChatGPT-Image-4-jun-2025-01_18_13-a.m-300x125.png 300w, https:\/\/virtualxconnect.com\/wp-content\/uploads\/2025\/06\/ChatGPT-Image-4-jun-2025-01_18_13-a.m-768x319.png 768w\" sizes=\"(max-width: 833px) 100vw, 833px\" \/>\t\t\t\t\t\t\t\t\t\t\t\t\t\t\t<\/div>\n\t\t\t\t<\/div>\n\t\t\t\t\t<\/div>\n\t\t\t\t<\/div>\n\t\t<div class=\"elementor-element elementor-element-5b27a7b e-flex e-con-boxed e-con e-parent\" data-id=\"5b27a7b\" data-element_type=\"container\" data-settings=\"{&quot;background_background&quot;:&quot;classic&quot;}\">\n\t\t\t\t\t<div class=\"e-con-inner\">\n\t\t\t\t<div class=\"elementor-element elementor-element-1ac27b4 eael-dual-header-content-align-center elementor-widget elementor-widget-eael-dual-color-header\" data-id=\"1ac27b4\" data-element_type=\"widget\" data-widget_type=\"eael-dual-color-header.default\">\n\t\t\t\t<div class=\"elementor-widget-container\">\n\t\t\t\t\t\t\t\t<div class=\"eael-dual-header\">\n\t\t\t\t<h2 class=\"title eael-dch-title\"><span class=\"eael-dch-title-text eael-dch-title-lead lead solid-color\">Aplicar para ACCESS:<\/span> <span class=\"eael-dch-title-text\"><\/span><\/h2>\t\t\t\t\t<span class=\"subtext\"><p>El <strong data-start=\"3\" data-end=\"22\">Programa Access<\/strong> es una iniciativa que ofrece <strong data-start=\"52\" data-end=\"119\">servicio de internet residencial de alta velocidad a bajo costo<\/strong> para hogares de bajos ingresos. A trav\u00e9s de este programa, <strong data-start=\"179\" data-end=\"244\">los participantes pueden obtener internet desde $24.99 al mes<\/strong>, con <strong data-start=\"250\" data-end=\"274\">instalaci\u00f3n gratuita<\/strong>, <strong data-start=\"276\" data-end=\"307\">sin verificaci\u00f3n de cr\u00e9dito<\/strong>, <strong data-start=\"309\" data-end=\"325\">sin dep\u00f3sito<\/strong> y <strong data-start=\"328\" data-end=\"362\">sin necesidad de seguro social<\/strong>.<\/p><\/span>\n\t\t\t\t\t\t\t\t\t<span class=\"eael-dch-svg-icon\"><i aria-hidden=\"true\" class=\"far fa-check-square\"><\/i><\/span>\t\t\t\t\t\t\t<\/div>\n\n\t\t\t\t\t\t<\/div>\n\t\t\t\t<\/div>\n\t\t\t\t\t<\/div>\n\t\t\t\t<\/div>\n\t\t<div class=\"elementor-element elementor-element-df34d19 e-flex e-con-boxed e-con e-parent\" data-id=\"df34d19\" data-element_type=\"container\">\n\t\t\t\t\t<div class=\"e-con-inner\">\n\t\t\t\t<div class=\"elementor-element elementor-element-03b24f5 elementor-widget elementor-widget-text-editor\" data-id=\"03b24f5\" data-element_type=\"widget\" data-widget_type=\"text-editor.default\">\n\t\t\t\t<div class=\"elementor-widget-container\">\n\t\t\t\t\t\t\t\t\t<p>\n<div class=\"wpcf7 no-js\" id=\"wpcf7-f2072-o1\" lang=\"es-ES\" dir=\"ltr\" data-wpcf7-id=\"2072\">\n<div class=\"screen-reader-response\"><p role=\"status\" aria-live=\"polite\" aria-atomic=\"true\"><\/p> <ul><\/ul><\/div>\n<form action=\"\/index.php\/wp-json\/wp\/v2\/pages\/2152#wpcf7-f2072-o1\" method=\"post\" class=\"wpcf7-form init\" aria-label=\"Formulario de contacto\" novalidate=\"novalidate\" data-status=\"init\">\n<div style=\"display: none;\">\n<input type=\"hidden\" name=\"_wpcf7\" value=\"2072\" \/>\n<input type=\"hidden\" name=\"_wpcf7_version\" value=\"6.0.6\" \/>\n<input type=\"hidden\" name=\"_wpcf7_locale\" value=\"es_ES\" \/>\n<input type=\"hidden\" name=\"_wpcf7_unit_tag\" value=\"wpcf7-f2072-o1\" \/>\n<input type=\"hidden\" name=\"_wpcf7_container_post\" value=\"0\" \/>\n<input type=\"hidden\" name=\"_wpcf7_posted_data_hash\" value=\"\" \/>\n<input type=\"hidden\" name=\"_wpcf7_recaptcha_response\" value=\"\" \/>\n<\/div>\n<p><label> Nombre\/Apellido:<br \/>\n<span class=\"wpcf7-form-control-wrap\" data-name=\"your-name\"><input size=\"40\" maxlength=\"400\" class=\"wpcf7-form-control wpcf7-text wpcf7-validates-as-required\" autocomplete=\"name\" aria-required=\"true\" aria-invalid=\"false\" value=\"\" type=\"text\" name=\"your-name\" \/><\/span> <\/label>\n<\/p>\n<p><label> Telefono:<br \/>\n<span class=\"wpcf7-form-control-wrap\" data-name=\"Telefono\"><input size=\"40\" maxlength=\"400\" class=\"wpcf7-form-control wpcf7-tel wpcf7-text wpcf7-validates-as-tel\" aria-invalid=\"false\" value=\"\" type=\"tel\" name=\"Telefono\" \/><\/span> <\/label>\n<\/p>\n<p><label> Direccion:<br \/>\n<span class=\"wpcf7-form-control-wrap\" data-name=\"Direccion\"><input size=\"40\" maxlength=\"400\" class=\"wpcf7-form-control wpcf7-text\" aria-invalid=\"false\" value=\"\" type=\"text\" name=\"Direccion\" \/><\/span> <\/label><br \/>\n<span class=\"wpcf7-form-control-wrap\" data-name=\"Direccion2\"><input size=\"40\" maxlength=\"400\" class=\"wpcf7-form-control wpcf7-text\" aria-invalid=\"false\" value=\"\" type=\"text\" name=\"Direccion2\" \/><\/span>\n<\/p>\n<p><label> En que programa esta inscrito:<br \/>\n<span class=\"wpcf7-form-control-wrap\" data-name=\"select-947\"><select class=\"wpcf7-form-control wpcf7-select\" aria-invalid=\"false\" name=\"select-947\"><option value=\"\"><\/option><option value=\"Medi-Cal\">Medi-Cal<\/option><option value=\"Snap\/Calfresh\">Snap\/Calfresh<\/option><option value=\"Programa Nacional de almuerzo gratis\">Programa Nacional de almuerzo gratis<\/option><option value=\"SSI\">SSI<\/option><option value=\"Califica como bajos recursos\">Califica como bajos recursos<\/option><option value=\"Otros\">Otros<\/option><\/select><\/span><\/label>\n<\/p>\n<p><label> Cuando es el mejor momento para llamarle?:<br \/>\n<span class=\"wpcf7-form-control-wrap\" data-name=\"Instalacion\"><select class=\"wpcf7-form-control wpcf7-select\" aria-invalid=\"false\" name=\"Instalacion\"><option value=\"\"><\/option><option value=\"Abierto\">Abierto<\/option><option value=\"8AM-10AM\">8AM-10AM<\/option><option value=\"10AM-12PM\">10AM-12PM<\/option><option value=\"12PM-2PM\">12PM-2PM<\/option><option value=\"2PM-4PM\">2PM-4PM<\/option><option value=\"4PM-6PM\">4PM-6PM<\/option><option value=\"6PM-8PM\">6PM-8PM<\/option><\/select><\/span> <\/label>\n<\/p>\n<p><label> Que servicio tiene en este momento:<br \/>\n<span class=\"wpcf7-form-control-wrap\" data-name=\"Serviciotiene\"><select class=\"wpcf7-form-control wpcf7-select\" aria-invalid=\"false\" name=\"Serviciotiene\"><option value=\"\"><\/option><option value=\"Ninguno\">Ninguno<\/option><option value=\"Spectrum\">Spectrum<\/option><option value=\"Frontier\">Frontier<\/option><option value=\"AT&amp;T\">AT&amp;T<\/option><option value=\"T-Mobile\">T-Mobile<\/option><option value=\"Verizon\">Verizon<\/option><option value=\"Metro PCS\">Metro PCS<\/option><\/select><\/span> <\/label>\n<\/p>\n<p><span class=\"wpcf7-form-control-wrap\" data-name=\"acceptance-20\"><span class=\"wpcf7-form-control wpcf7-acceptance optional\"><span class=\"wpcf7-list-item\"><label><input type=\"checkbox\" name=\"acceptance-20\" value=\"1\" aria-invalid=\"false\" \/><span class=\"wpcf7-list-item-label\">Al enviar este formulario, confirmo que mi beneficio actual est\u00e1 activo, lo cual es necesario para aplicar al programa ACCESS en el estado de California. Asimismo, autorizo a VirtualXConnect LLC a procesar mi solicitud para ACCESS y aplicar el descuento a mi servicio de internet.<\/span><\/label><\/span><\/span><\/span>\n<\/p>\n<p><input class=\"wpcf7-form-control wpcf7-submit has-spinner\" type=\"submit\" value=\"Enviar\" \/>\n<\/p><p style=\"display: none !important;\" class=\"akismet-fields-container\" data-prefix=\"_wpcf7_ak_\"><label>&#916;<textarea name=\"_wpcf7_ak_hp_textarea\" cols=\"45\" rows=\"8\" maxlength=\"100\"><\/textarea><\/label><input type=\"hidden\" id=\"ak_js_1\" name=\"_wpcf7_ak_js\" value=\"85\"\/><script>document.getElementById( \"ak_js_1\" ).setAttribute( \"value\", ( new Date() ).getTime() );<\/script><\/p><div class=\"wpcf7-response-output\" aria-hidden=\"true\"><\/div>\n<\/form>\n<\/div>\n<\/p>\t\t\t\t\t\t\t\t<\/div>\n\t\t\t\t<\/div>\n\t\t\t\t\t<\/div>\n\t\t\t\t<\/div>\n\t\t\t\t<\/div>\n\t\t","protected":false},"excerpt":{"rendered":"<p>Aplicar para ACCESS: El Programa Access es una iniciativa que ofrece servicio de internet residencial de alta velocidad a bajo costo para hogares de bajos ingresos. A trav\u00e9s de este programa, los participantes pueden obtener internet desde $24.99 al mes, con instalaci\u00f3n gratuita, sin verificaci\u00f3n de cr\u00e9dito, sin dep\u00f3sito y sin necesidad de seguro social.<\/p>\n","protected":false},"author":1,"featured_media":0,"parent":0,"menu_order":0,"comment_status":"closed","ping_status":"closed","template":"","meta":{"_eb_attr":"","site-sidebar-layout":"no-sidebar","site-content-layout":"page-builder","ast-site-content-layout":"","site-content-style":"default","site-sidebar-style":"default","ast-global-header-display":"","ast-banner-title-visibility":"","ast-main-header-display":"","ast-hfb-above-header-display":"","ast-hfb-below-header-display":"","ast-hfb-mobile-header-display":"","site-post-title":"disabled","ast-breadcrumbs-content":"","ast-featured-img":"disabled","footer-sml-layout":"","theme-transparent-header-meta":"","adv-header-id-meta":"","stick-header-meta":"","header-above-stick-meta":"","header-main-stick-meta":"","header-below-stick-meta":"","astra-migrate-meta-layouts":"default","ast-page-background-enabled":"default","ast-page-background-meta":{"desktop":{"background-color":"var(--ast-global-color-4)","background-image":"","background-repeat":"repeat","background-position":"center center","background-size":"auto","background-attachment":"scroll","background-type":"","background-media":"","overlay-type":"","overlay-color":"","overlay-gradient":""},"tablet":{"background-color":"","background-image":"","background-repeat":"repeat","background-position":"center center","background-size":"auto","background-attachment":"scroll","background-type":"","background-media":"","overlay-type":"","overlay-color":"","overlay-gradient":""},"mobile":{"background-color":"","background-image":"","background-repeat":"repeat","background-position":"center center","background-size":"auto","background-attachment":"scroll","background-type":"","background-media":"","overlay-type":"","overlay-color":"","overlay-gradient":""}},"ast-content-background-meta":{"desktop":{"background-color":"var(--ast-global-color-5)","background-image":"","background-repeat":"repeat","background-position":"center center","background-size":"auto","background-attachment":"scroll","background-type":"","background-media":"","overlay-type":"","overlay-color":"","overlay-gradient":""},"tablet":{"background-color":"var(--ast-global-color-5)","background-image":"","background-repeat":"repeat","background-position":"center center","background-size":"auto","background-attachment":"scroll","background-type":"","background-media":"","overlay-type":"","overlay-color":"","overlay-gradient":""},"mobile":{"background-color":"var(--ast-global-color-5)","background-image":"","background-repeat":"repeat","background-position":"center center","background-size":"auto","background-attachment":"scroll","background-type":"","background-media":"","overlay-type":"","overlay-color":"","overlay-gradient":""}},"footnotes":""},"class_list":["post-2152","page","type-page","status-publish","hentry"],"yoast_head":"<!-- This site is optimized with the Yoast SEO plugin v25.2 - https:\/\/yoast.com\/wordpress\/plugins\/seo\/ -->\n<title>access - Virtual X Connect LLC<\/title>\n<meta name=\"robots\" content=\"index, follow, max-snippet:-1, max-image-preview:large, max-video-preview:-1\" \/>\n<link rel=\"canonical\" href=\"https:\/\/virtualxconnect.com\/index.php\/access\/\" \/>\n<meta property=\"og:locale\" content=\"es_ES\" \/>\n<meta property=\"og:type\" content=\"article\" \/>\n<meta property=\"og:title\" content=\"access - Virtual X Connect LLC\" \/>\n<meta property=\"og:description\" content=\"Aplicar para ACCESS: El Programa Access es una iniciativa que ofrece servicio de internet residencial de alta velocidad a bajo costo para hogares de bajos ingresos. A trav\u00e9s de este programa, los participantes pueden obtener internet desde $24.99 al mes, con instalaci\u00f3n gratuita, sin verificaci\u00f3n de cr\u00e9dito, sin dep\u00f3sito y sin necesidad de seguro social.\" \/>\n<meta property=\"og:url\" content=\"https:\/\/virtualxconnect.com\/index.php\/access\/\" \/>\n<meta property=\"og:site_name\" content=\"Virtual X Connect LLC\" \/>\n<meta property=\"article:publisher\" content=\"https:\/\/www.facebook.com\/profile.php?id=100063566714193\" \/>\n<meta property=\"article:modified_time\" content=\"2025-06-04T09:02:56+00:00\" \/>\n<meta property=\"og:image\" content=\"https:\/\/virtualxconnect.com\/wp-content\/uploads\/2025\/06\/ChatGPT-Image-4-jun-2025-01_18_13-a.m.png\" \/>\n\t<meta property=\"og:image:width\" content=\"833\" \/>\n\t<meta property=\"og:image:height\" content=\"346\" \/>\n\t<meta property=\"og:image:type\" content=\"image\/png\" \/>\n<meta name=\"twitter:card\" content=\"summary_large_image\" \/>\n<meta name=\"twitter:site\" content=\"@virtualxconnect\" \/>\n<meta name=\"twitter:label1\" content=\"Tiempo de lectura\" \/>\n\t<meta name=\"twitter:data1\" content=\"1 minuto\" \/>\n<script type=\"application\/ld+json\" class=\"yoast-schema-graph\">{\"@context\":\"https:\/\/schema.org\",\"@graph\":[{\"@type\":\"WebPage\",\"@id\":\"https:\/\/virtualxconnect.com\/index.php\/access\/\",\"url\":\"https:\/\/virtualxconnect.com\/index.php\/access\/\",\"name\":\"access - Virtual X Connect LLC\",\"isPartOf\":{\"@id\":\"https:\/\/virtualxconnect.com\/#website\"},\"primaryImageOfPage\":{\"@id\":\"https:\/\/virtualxconnect.com\/index.php\/access\/#primaryimage\"},\"image\":{\"@id\":\"https:\/\/virtualxconnect.com\/index.php\/access\/#primaryimage\"},\"thumbnailUrl\":\"https:\/\/virtualxconnect.com\/wp-content\/uploads\/2025\/06\/ChatGPT-Image-4-jun-2025-01_18_13-a.m.png\",\"datePublished\":\"2025-06-02T00:54:23+00:00\",\"dateModified\":\"2025-06-04T09:02:56+00:00\",\"breadcrumb\":{\"@id\":\"https:\/\/virtualxconnect.com\/index.php\/access\/#breadcrumb\"},\"inLanguage\":\"es\",\"potentialAction\":[{\"@type\":\"ReadAction\",\"target\":[\"https:\/\/virtualxconnect.com\/index.php\/access\/\"]}]},{\"@type\":\"ImageObject\",\"inLanguage\":\"es\",\"@id\":\"https:\/\/virtualxconnect.com\/index.php\/access\/#primaryimage\",\"url\":\"https:\/\/virtualxconnect.com\/wp-content\/uploads\/2025\/06\/ChatGPT-Image-4-jun-2025-01_18_13-a.m.png\",\"contentUrl\":\"https:\/\/virtualxconnect.com\/wp-content\/uploads\/2025\/06\/ChatGPT-Image-4-jun-2025-01_18_13-a.m.png\",\"width\":833,\"height\":346},{\"@type\":\"BreadcrumbList\",\"@id\":\"https:\/\/virtualxconnect.com\/index.php\/access\/#breadcrumb\",\"itemListElement\":[{\"@type\":\"ListItem\",\"position\":1,\"name\":\"Portada\",\"item\":\"https:\/\/virtualxconnect.com\/\"},{\"@type\":\"ListItem\",\"position\":2,\"name\":\"access\"}]},{\"@type\":\"WebSite\",\"@id\":\"https:\/\/virtualxconnect.com\/#website\",\"url\":\"https:\/\/virtualxconnect.com\/\",\"name\":\"Virtual X Connect LLC\",\"description\":\"Conectando El Sur de California\",\"publisher\":{\"@id\":\"https:\/\/virtualxconnect.com\/#organization\"},\"potentialAction\":[{\"@type\":\"SearchAction\",\"target\":{\"@type\":\"EntryPoint\",\"urlTemplate\":\"https:\/\/virtualxconnect.com\/?s={search_term_string}\"},\"query-input\":{\"@type\":\"PropertyValueSpecification\",\"valueRequired\":true,\"valueName\":\"search_term_string\"}}],\"inLanguage\":\"es\"},{\"@type\":\"Organization\",\"@id\":\"https:\/\/virtualxconnect.com\/#organization\",\"name\":\"VirtualXConnect LLC\",\"url\":\"https:\/\/virtualxconnect.com\/\",\"logo\":{\"@type\":\"ImageObject\",\"inLanguage\":\"es\",\"@id\":\"https:\/\/virtualxconnect.com\/#\/schema\/logo\/image\/\",\"url\":\"https:\/\/virtualxconnect.com\/wp-content\/uploads\/2023\/04\/logo-transparent-png.png\",\"contentUrl\":\"https:\/\/virtualxconnect.com\/wp-content\/uploads\/2023\/04\/logo-transparent-png.png\",\"width\":4000,\"height\":1287,\"caption\":\"VirtualXConnect LLC\"},\"image\":{\"@id\":\"https:\/\/virtualxconnect.com\/#\/schema\/logo\/image\/\"},\"sameAs\":[\"https:\/\/www.facebook.com\/profile.php?id=100063566714193\",\"https:\/\/x.com\/virtualxconnect\"]}]}<\/script>\n<!-- \/ Yoast SEO plugin. -->","yoast_head_json":{"title":"access - Virtual X Connect LLC","robots":{"index":"index","follow":"follow","max-snippet":"max-snippet:-1","max-image-preview":"max-image-preview:large","max-video-preview":"max-video-preview:-1"},"canonical":"https:\/\/virtualxconnect.com\/index.php\/access\/","og_locale":"es_ES","og_type":"article","og_title":"access - Virtual X Connect LLC","og_description":"Aplicar para ACCESS: El Programa Access es una iniciativa que ofrece servicio de internet residencial de alta velocidad a bajo costo para hogares de bajos ingresos. A trav\u00e9s de este programa, los participantes pueden obtener internet desde $24.99 al mes, con instalaci\u00f3n gratuita, sin verificaci\u00f3n de cr\u00e9dito, sin dep\u00f3sito y sin necesidad de seguro social.","og_url":"https:\/\/virtualxconnect.com\/index.php\/access\/","og_site_name":"Virtual X Connect LLC","article_publisher":"https:\/\/www.facebook.com\/profile.php?id=100063566714193","article_modified_time":"2025-06-04T09:02:56+00:00","og_image":[{"width":833,"height":346,"url":"https:\/\/virtualxconnect.com\/wp-content\/uploads\/2025\/06\/ChatGPT-Image-4-jun-2025-01_18_13-a.m.png","type":"image\/png"}],"twitter_card":"summary_large_image","twitter_site":"@virtualxconnect","twitter_misc":{"Tiempo de lectura":"1 minuto"},"schema":{"@context":"https:\/\/schema.org","@graph":[{"@type":"WebPage","@id":"https:\/\/virtualxconnect.com\/index.php\/access\/","url":"https:\/\/virtualxconnect.com\/index.php\/access\/","name":"access - Virtual X Connect LLC","isPartOf":{"@id":"https:\/\/virtualxconnect.com\/#website"},"primaryImageOfPage":{"@id":"https:\/\/virtualxconnect.com\/index.php\/access\/#primaryimage"},"image":{"@id":"https:\/\/virtualxconnect.com\/index.php\/access\/#primaryimage"},"thumbnailUrl":"https:\/\/virtualxconnect.com\/wp-content\/uploads\/2025\/06\/ChatGPT-Image-4-jun-2025-01_18_13-a.m.png","datePublished":"2025-06-02T00:54:23+00:00","dateModified":"2025-06-04T09:02:56+00:00","breadcrumb":{"@id":"https:\/\/virtualxconnect.com\/index.php\/access\/#breadcrumb"},"inLanguage":"es","potentialAction":[{"@type":"ReadAction","target":["https:\/\/virtualxconnect.com\/index.php\/access\/"]}]},{"@type":"ImageObject","inLanguage":"es","@id":"https:\/\/virtualxconnect.com\/index.php\/access\/#primaryimage","url":"https:\/\/virtualxconnect.com\/wp-content\/uploads\/2025\/06\/ChatGPT-Image-4-jun-2025-01_18_13-a.m.png","contentUrl":"https:\/\/virtualxconnect.com\/wp-content\/uploads\/2025\/06\/ChatGPT-Image-4-jun-2025-01_18_13-a.m.png","width":833,"height":346},{"@type":"BreadcrumbList","@id":"https:\/\/virtualxconnect.com\/index.php\/access\/#breadcrumb","itemListElement":[{"@type":"ListItem","position":1,"name":"Portada","item":"https:\/\/virtualxconnect.com\/"},{"@type":"ListItem","position":2,"name":"access"}]},{"@type":"WebSite","@id":"https:\/\/virtualxconnect.com\/#website","url":"https:\/\/virtualxconnect.com\/","name":"Virtual X Connect LLC","description":"Conectando El Sur de California","publisher":{"@id":"https:\/\/virtualxconnect.com\/#organization"},"potentialAction":[{"@type":"SearchAction","target":{"@type":"EntryPoint","urlTemplate":"https:\/\/virtualxconnect.com\/?s={search_term_string}"},"query-input":{"@type":"PropertyValueSpecification","valueRequired":true,"valueName":"search_term_string"}}],"inLanguage":"es"},{"@type":"Organization","@id":"https:\/\/virtualxconnect.com\/#organization","name":"VirtualXConnect LLC","url":"https:\/\/virtualxconnect.com\/","logo":{"@type":"ImageObject","inLanguage":"es","@id":"https:\/\/virtualxconnect.com\/#\/schema\/logo\/image\/","url":"https:\/\/virtualxconnect.com\/wp-content\/uploads\/2023\/04\/logo-transparent-png.png","contentUrl":"https:\/\/virtualxconnect.com\/wp-content\/uploads\/2023\/04\/logo-transparent-png.png","width":4000,"height":1287,"caption":"VirtualXConnect LLC"},"image":{"@id":"https:\/\/virtualxconnect.com\/#\/schema\/logo\/image\/"},"sameAs":["https:\/\/www.facebook.com\/profile.php?id=100063566714193","https:\/\/x.com\/virtualxconnect"]}]}},"_links":{"self":[{"href":"https:\/\/virtualxconnect.com\/index.php\/wp-json\/wp\/v2\/pages\/2152"}],"collection":[{"href":"https:\/\/virtualxconnect.com\/index.php\/wp-json\/wp\/v2\/pages"}],"about":[{"href":"https:\/\/virtualxconnect.com\/index.php\/wp-json\/wp\/v2\/types\/page"}],"author":[{"embeddable":true,"href":"https:\/\/virtualxconnect.com\/index.php\/wp-json\/wp\/v2\/users\/1"}],"replies":[{"embeddable":true,"href":"https:\/\/virtualxconnect.com\/index.php\/wp-json\/wp\/v2\/comments?post=2152"}],"version-history":[{"count":24,"href":"https:\/\/virtualxconnect.com\/index.php\/wp-json\/wp\/v2\/pages\/2152\/revisions"}],"predecessor-version":[{"id":2181,"href":"https:\/\/virtualxconnect.com\/index.php\/wp-json\/wp\/v2\/pages\/2152\/revisions\/2181"}],"wp:attachment":[{"href":"https:\/\/virtualxconnect.com\/index.php\/wp-json\/wp\/v2\/media?parent=2152"}],"curies":[{"name":"wp","href":"https:\/\/api.w.org\/{rel}","templated":true}]}}