{"id":1178,"date":"2023-04-09T23:02:24","date_gmt":"2023-04-09T23:02:24","guid":{"rendered":"https:\/\/virtualxconnect.com\/?page_id=1178"},"modified":"2023-04-15T01:11:41","modified_gmt":"2023-04-15T01:11:41","slug":"formulario-de-aplicacion","status":"publish","type":"page","link":"https:\/\/virtualxconnect.com\/index.php\/formulario-de-aplicacion\/","title":{"rendered":"Formulario de Aplicacion"},"content":{"rendered":"\t\t<div data-elementor-type=\"wp-page\" data-elementor-id=\"1178\" class=\"elementor elementor-1178\">\n\t\t\t\t<div class=\"elementor-element elementor-element-2fbd0d8 e-flex e-con-boxed e-con e-parent\" data-id=\"2fbd0d8\" data-element_type=\"container\">\n\t\t\t\t\t<div class=\"e-con-inner\">\n\t\t\t\t<div class=\"elementor-element elementor-element-e8cf17a eael-hamburger--desktop eael-simple-menu-hamburger-align-right elementor-widget elementor-widget-eael-simple-menu\" data-id=\"e8cf17a\" data-element_type=\"widget\" data-widget_type=\"eael-simple-menu.default\">\n\t\t\t\t<div class=\"elementor-widget-container\">\n\t\t\t\t\t<style>\n                        @media screen and (max-width: 2399px) {\n                            .eael-hamburger--desktop {\n                                .eael-simple-menu-horizontal,\n                                .eael-simple-menu-vertical {\n                                    display: none;\n                                }\n                            }\n                            .eael-hamburger--desktop {\n                                .eael-simple-menu-container .eael-simple-menu-toggle {\n                                    display: block;\n                                }\n                            }\n                        }\n                    <\/style>            <div data-hamburger-icon=\"&lt;i aria-hidden=&quot;true&quot; class=&quot;fas fa-bars&quot;&gt;&lt;\/i&gt;\" data-indicator-icon=\"&lt;i aria-hidden=&quot;true&quot; class=&quot;fas fa-angle-down&quot;&gt;&lt;\/i&gt;\" data-dropdown-indicator-icon=\"&lt;i class=&quot;fas fa-angle-down&quot;&gt;&lt;\/i&gt;\" class=\"eael-simple-menu-container eael-simple-menu-align-right eael-simple-menu-dropdown-align-left preset-2\" data-hamburger-breakpoints=\"{&quot;mobile&quot;:&quot;M\\u00f3vil vertical (&gt; 767px)&quot;,&quot;tablet&quot;:&quot;Tableta vertical (&gt; 1024px)&quot;,&quot;desktop&quot;:&quot;Escritorio (&gt; 2400px)&quot;,&quot;none&quot;:&quot;Ninguno&quot;}\" data-hamburger-device=\"desktop\">\n                <ul id=\"menu-home\" class=\"eael-simple-menu eael-simple-menu-dropdown-animate-to-top eael-simple-menu-indicator eael-simple-menu-horizontal\"><li id=\"menu-item-750\" class=\"menu-item menu-item-type-post_type menu-item-object-page menu-item-home menu-item-750\"><a href=\"https:\/\/virtualxconnect.com\/\" class=\"menu-link\">Home<\/a><\/li>\n<li id=\"menu-item-1191\" class=\"menu-item menu-item-type-post_type menu-item-object-page menu-item-1191\"><a href=\"https:\/\/virtualxconnect.com\/index.php\/formulario-de-aplicacion\/\" class=\"menu-link\">Formulario de Aplicacion<\/a><\/li>\n<li id=\"menu-item-1217\" class=\"menu-item menu-item-type-post_type menu-item-object-page menu-item-1217\"><a href=\"https:\/\/virtualxconnect.com\/index.php\/productos-y-servicios\/\" class=\"menu-link\">Productos y Servicios<\/a><\/li>\n<li id=\"menu-item-1100\" class=\"menu-item menu-item-type-post_type menu-item-object-page menu-item-1100\"><a href=\"https:\/\/virtualxconnect.com\/index.php\/quienes-somos\/\" class=\"menu-link\">Quienes Somos?<\/a><\/li>\n<\/ul>                <button class=\"eael-simple-menu-toggle\">\n                    <span class=\"sr-only \">Men\u00fa conmutador hamburguesa<\/span>\n                    <i aria-hidden=\"true\" class=\"fas fa-bars\"><\/i>                <\/button>\n            <\/div>\n            \t\t\t\t<\/div>\n\t\t\t\t<\/div>\n\t\t\t\t\t<\/div>\n\t\t\t\t<\/div>\n\t\t<div class=\"elementor-element elementor-element-5b27a7b e-flex e-con-boxed e-con e-parent\" data-id=\"5b27a7b\" data-element_type=\"container\" data-settings=\"{&quot;background_background&quot;:&quot;classic&quot;}\">\n\t\t\t\t\t<div class=\"e-con-inner\">\n\t\t\t\t<div class=\"elementor-element elementor-element-1ac27b4 eael-dual-header-content-align-center elementor-widget elementor-widget-eael-dual-color-header\" data-id=\"1ac27b4\" data-element_type=\"widget\" data-widget_type=\"eael-dual-color-header.default\">\n\t\t\t\t<div class=\"elementor-widget-container\">\n\t\t\t\t\t\t\t\t<div class=\"eael-dual-header\">\n\t\t\t\t<h2 class=\"title eael-dch-title\"><span class=\"eael-dch-title-text eael-dch-title-lead lead solid-color\">Formulario\/<\/span> <span class=\"eael-dch-title-text\">Orden de internet<\/span><\/h2>\t\t\t\t\t<span class=\"subtext\"><p>Internet Con ACP<\/p><\/span>\n\t\t\t\t\t\t\t\t\t<span class=\"eael-dch-svg-icon\"><i aria-hidden=\"true\" class=\"far fa-check-square\"><\/i><\/span>\t\t\t\t\t\t\t<\/div>\n\n\t\t\t\t\t\t<\/div>\n\t\t\t\t<\/div>\n\t\t\t\t\t<\/div>\n\t\t\t\t<\/div>\n\t\t<div class=\"elementor-element elementor-element-ea86f9d e-flex e-con-boxed e-con e-parent\" data-id=\"ea86f9d\" data-element_type=\"container\" data-settings=\"{&quot;background_background&quot;:&quot;classic&quot;}\">\n\t\t\t\t\t<div class=\"e-con-inner\">\n\t\t\t\t<div class=\"elementor-element elementor-element-2d8eeef elementor-widget elementor-widget-image\" data-id=\"2d8eeef\" data-element_type=\"widget\" data-widget_type=\"image.default\">\n\t\t\t\t<div class=\"elementor-widget-container\">\n\t\t\t\t\t\t\t\t\t\t\t\t\t\t\t<img fetchpriority=\"high\" decoding=\"async\" width=\"300\" height=\"289\" src=\"https:\/\/virtualxconnect.com\/wp-content\/uploads\/2023\/04\/co_web_tv-300x289.png\" class=\"attachment-medium size-medium wp-image-1187\" alt=\"\" srcset=\"https:\/\/virtualxconnect.com\/wp-content\/uploads\/2023\/04\/co_web_tv-300x289.png 300w, https:\/\/virtualxconnect.com\/wp-content\/uploads\/2023\/04\/co_web_tv.png 647w\" sizes=\"(max-width: 300px) 100vw, 300px\" \/>\t\t\t\t\t\t\t\t\t\t\t\t\t\t\t<\/div>\n\t\t\t\t<\/div>\n\t\t\t\t\t<\/div>\n\t\t\t\t<\/div>\n\t\t<div class=\"elementor-element elementor-element-df34d19 e-flex e-con-boxed e-con e-parent\" data-id=\"df34d19\" data-element_type=\"container\">\n\t\t\t\t\t<div class=\"e-con-inner\">\n\t\t\t\t<div class=\"elementor-element elementor-element-03b24f5 elementor-widget elementor-widget-text-editor\" data-id=\"03b24f5\" data-element_type=\"widget\" data-widget_type=\"text-editor.default\">\n\t\t\t\t<div class=\"elementor-widget-container\">\n\t\t\t\t\t\t\t\t\t<p>\n<div class=\"wpcf7 no-js\" id=\"wpcf7-f6-o1\" lang=\"es-ES\" dir=\"ltr\" data-wpcf7-id=\"6\">\n<div class=\"screen-reader-response\"><p role=\"status\" aria-live=\"polite\" aria-atomic=\"true\"><\/p> <ul><\/ul><\/div>\n<form action=\"\/index.php\/wp-json\/wp\/v2\/pages\/1178#wpcf7-f6-o1\" method=\"post\" class=\"wpcf7-form init\" aria-label=\"Formulario de contacto\" novalidate=\"novalidate\" data-status=\"init\">\n<div style=\"display: none;\">\n<input type=\"hidden\" name=\"_wpcf7\" value=\"6\" \/>\n<input type=\"hidden\" name=\"_wpcf7_version\" value=\"6.0.6\" \/>\n<input type=\"hidden\" name=\"_wpcf7_locale\" value=\"es_ES\" \/>\n<input type=\"hidden\" name=\"_wpcf7_unit_tag\" value=\"wpcf7-f6-o1\" \/>\n<input type=\"hidden\" name=\"_wpcf7_container_post\" value=\"0\" \/>\n<input type=\"hidden\" name=\"_wpcf7_posted_data_hash\" value=\"\" \/>\n<input type=\"hidden\" name=\"_wpcf7_recaptcha_response\" value=\"\" \/>\n<\/div>\n<p><label> Nombre\/Apellido:<br \/>\n<span class=\"wpcf7-form-control-wrap\" data-name=\"your-name\"><input size=\"40\" maxlength=\"400\" class=\"wpcf7-form-control wpcf7-text wpcf7-validates-as-required\" autocomplete=\"name\" aria-required=\"true\" aria-invalid=\"false\" value=\"\" type=\"text\" name=\"your-name\" \/><\/span> <\/label>\n<\/p>\n<p><label> Telefono:<br \/>\n<span class=\"wpcf7-form-control-wrap\" data-name=\"Telefono\"><input size=\"40\" maxlength=\"400\" class=\"wpcf7-form-control wpcf7-tel wpcf7-text wpcf7-validates-as-tel\" aria-invalid=\"false\" value=\"\" type=\"tel\" name=\"Telefono\" \/><\/span> <\/label>\n<\/p>\n<p><label> Correo electr\u00f3nico:<br \/>\n<span class=\"wpcf7-form-control-wrap\" data-name=\"your-email\"><input size=\"40\" maxlength=\"400\" class=\"wpcf7-form-control wpcf7-email wpcf7-validates-as-required wpcf7-text wpcf7-validates-as-email\" autocomplete=\"email\" aria-required=\"true\" aria-invalid=\"false\" value=\"\" type=\"email\" name=\"your-email\" \/><\/span> <\/label>\n<\/p>\n<p><label> Direccion:<br \/>\n<span class=\"wpcf7-form-control-wrap\" data-name=\"Direccion\"><input size=\"40\" maxlength=\"400\" class=\"wpcf7-form-control wpcf7-text\" aria-invalid=\"false\" value=\"\" type=\"text\" name=\"Direccion\" \/><\/span> <\/label><br \/>\n<span class=\"wpcf7-form-control-wrap\" data-name=\"Direccion2\"><input size=\"40\" maxlength=\"400\" class=\"wpcf7-form-control wpcf7-text\" aria-invalid=\"false\" value=\"\" type=\"text\" name=\"Direccion2\" \/><\/span>\n<\/p>\n<p><label> Servicio para el cual esta Aplicando:<br \/>\n<span class=\"wpcf7-form-control-wrap\" data-name=\"Servicioaplica\"><select class=\"wpcf7-form-control wpcf7-select\" aria-invalid=\"false\" name=\"Servicioaplica\"><option value=\"\"><\/option><option value=\"Frontier\">Frontier<\/option><option value=\"Spectrum\">Spectrum<\/option><option value=\"AT&amp;T\">AT&amp;T<\/option><option value=\"T-Mobile\">T-Mobile<\/option><\/select><\/span> <\/label>\n<\/p>\n<p><label> Que Velocidad prefiere:<br \/>\n<span class=\"wpcf7-form-control-wrap\" data-name=\"Velocidad\"><select class=\"wpcf7-form-control wpcf7-select\" aria-invalid=\"false\" name=\"Velocidad\"><option value=\"\"><\/option><option value=\"300 Mbps\">300 Mbps<\/option><option value=\"500 Mbps\">500 Mbps<\/option><option value=\"1000 Mbps\">1000 Mbps<\/option><\/select><\/span> <\/label>\n<\/p>\n<p><label> Que servicio tiene en este momento:<br \/>\n<span class=\"wpcf7-form-control-wrap\" data-name=\"Serviciotiene\"><select class=\"wpcf7-form-control wpcf7-select\" aria-invalid=\"false\" name=\"Serviciotiene\"><option value=\"\"><\/option><option value=\"Ninguno\">Ninguno<\/option><option value=\"Spectrum\">Spectrum<\/option><option value=\"Frontier\">Frontier<\/option><option value=\"AT&amp;T\">AT&amp;T<\/option><option value=\"T-Mobile\">T-Mobile<\/option><option value=\"Verizon\">Verizon<\/option><option value=\"Metro PCS\">Metro PCS<\/option><\/select><\/span> <\/label>\n<\/p>\n<p><label> Cuando es el mejor momento para llamarle?:<br \/>\n<span class=\"wpcf7-form-control-wrap\" data-name=\"Instalacion\"><select class=\"wpcf7-form-control wpcf7-select\" aria-invalid=\"false\" name=\"Instalacion\"><option value=\"\"><\/option><option value=\"Abierto\">Abierto<\/option><option value=\"8AM-10AM\">8AM-10AM<\/option><option value=\"10AM-12PM\">10AM-12PM<\/option><option value=\"12PM-2PM\">12PM-2PM<\/option><option value=\"2PM-4PM\">2PM-4PM<\/option><option value=\"4PM-6PM\">4PM-6PM<\/option><option value=\"6PM-8PM\">6PM-8PM<\/option><\/select><\/span> <\/label>\n<\/p>\n<p><label> Representante de Ventas:<br \/>\n<span class=\"wpcf7-form-control-wrap\" data-name=\"RepresentantedeVentas\"><select class=\"wpcf7-form-control wpcf7-select\" aria-invalid=\"false\" name=\"RepresentantedeVentas\"><option value=\"\"><\/option><option value=\"Jonathan\">Jonathan<\/option><option value=\"Amalia\">Amalia<\/option><option value=\"Byron\">Byron<\/option><option value=\"Charlie\">Charlie<\/option><option value=\"Rodrigo\">Rodrigo<\/option><option value=\"Guillermo\">Guillermo<\/option><\/select><\/span> <\/label>\n<\/p>\n<p><label> Idioma de Preferencia:<br \/>\n<span class=\"wpcf7-form-control-wrap\" data-name=\"Idioma\"><select class=\"wpcf7-form-control wpcf7-select\" aria-invalid=\"false\" name=\"Idioma\"><option value=\"\"><\/option><option value=\"Abierto\">Abierto<\/option><option value=\"Espanol\">Espanol<\/option><option value=\"Ingles\">Ingles<\/option><\/select><\/span> <\/label>\n<\/p>\n<p><span class=\"wpcf7-form-control-wrap\" data-name=\"acceptance-20\"><span class=\"wpcf7-form-control wpcf7-acceptance optional\"><span class=\"wpcf7-list-item\"><label><input type=\"checkbox\" name=\"acceptance-20\" value=\"1\" aria-invalid=\"false\" \/><span class=\"wpcf7-list-item-label\">Al hacer clic en el bot\u00f3n a continuaci\u00f3n o ingresar su informaci\u00f3n, usted acepta que Virtual X Connect LLC y cualquiera de sus proveedores de servicios afiliados usen tecnolog\u00eda automatizada. Incluyendo pero no limitado a:\nmensajes de texto, llamadas telef\u00f3nicas, mensajes pregrabados, correo electr\u00f3nico o tecnolog\u00eda digital para contactarlo al n\u00famero y correo electr\u00f3nico proporcionados sobre las ofertas de Virtual X Connect LLC que pueden o no estar directamente relacionadas con esta campa\u00f1a de Marketing espec\u00edfica utilizando otras empresas afiliadas.\nEste consentimiento no es necesario para realizar una compra. Hacer clic en el bot\u00f3n de abajo constituye su firma electr\u00f3nica.<\/span><\/label><\/span><\/span><\/span>\n<\/p>\n<p><input class=\"wpcf7-form-control wpcf7-submit has-spinner\" type=\"submit\" value=\"Enviar\" \/>\n<\/p><p style=\"display: none !important;\" class=\"akismet-fields-container\" data-prefix=\"_wpcf7_ak_\"><label>&#916;<textarea name=\"_wpcf7_ak_hp_textarea\" cols=\"45\" rows=\"8\" maxlength=\"100\"><\/textarea><\/label><input type=\"hidden\" id=\"ak_js_1\" name=\"_wpcf7_ak_js\" value=\"126\"\/><script>document.getElementById( \"ak_js_1\" ).setAttribute( \"value\", ( new Date() ).getTime() );<\/script><\/p><div class=\"wpcf7-response-output\" aria-hidden=\"true\"><\/div>\n<\/form>\n<\/div>\n<\/p>\t\t\t\t\t\t\t\t<\/div>\n\t\t\t\t<\/div>\n\t\t\t\t\t<\/div>\n\t\t\t\t<\/div>\n\t\t\t\t<\/div>\n\t\t","protected":false},"excerpt":{"rendered":"<p>Home Formulario de Aplicacion Productos y Servicios Quienes Somos? Aprenda sobre el descuento ACP Politicas de Privacidad Terminos y Condiciones de Uso Formulario\/ Orden de internet Internet Con ACP<\/p>\n","protected":false},"author":1,"featured_media":0,"parent":0,"menu_order":0,"comment_status":"closed","ping_status":"closed","template":"","meta":{"_eb_attr":"","site-sidebar-layout":"no-sidebar","site-content-layout":"page-builder","ast-site-content-layout":"","site-content-style":"default","site-sidebar-style":"default","ast-global-header-display":"","ast-banner-title-visibility":"","ast-main-header-display":"","ast-hfb-above-header-display":"","ast-hfb-below-header-display":"","ast-hfb-mobile-header-display":"","site-post-title":"disabled","ast-breadcrumbs-content":"","ast-featured-img":"disabled","footer-sml-layout":"","theme-transparent-header-meta":"","adv-header-id-meta":"","stick-header-meta":"","header-above-stick-meta":"","header-main-stick-meta":"","header-below-stick-meta":"","astra-migrate-meta-layouts":"default","ast-page-background-enabled":"default","ast-page-background-meta":{"desktop":{"background-color":"var(--ast-global-color-4)","background-image":"","background-repeat":"repeat","background-position":"center center","background-size":"auto","background-attachment":"scroll","background-type":"","background-media":"","overlay-type":"","overlay-color":"","overlay-gradient":""},"tablet":{"background-color":"","background-image":"","background-repeat":"repeat","background-position":"center center","background-size":"auto","background-attachment":"scroll","background-type":"","background-media":"","overlay-type":"","overlay-color":"","overlay-gradient":""},"mobile":{"background-color":"","background-image":"","background-repeat":"repeat","background-position":"center center","background-size":"auto","background-attachment":"scroll","background-type":"","background-media":"","overlay-type":"","overlay-color":"","overlay-gradient":""}},"ast-content-background-meta":{"desktop":{"background-color":"var(--ast-global-color-5)","background-image":"","background-repeat":"repeat","background-position":"center center","background-size":"auto","background-attachment":"scroll","background-type":"","background-media":"","overlay-type":"","overlay-color":"","overlay-gradient":""},"tablet":{"background-color":"var(--ast-global-color-5)","background-image":"","background-repeat":"repeat","background-position":"center center","background-size":"auto","background-attachment":"scroll","background-type":"","background-media":"","overlay-type":"","overlay-color":"","overlay-gradient":""},"mobile":{"background-color":"var(--ast-global-color-5)","background-image":"","background-repeat":"repeat","background-position":"center center","background-size":"auto","background-attachment":"scroll","background-type":"","background-media":"","overlay-type":"","overlay-color":"","overlay-gradient":""}},"footnotes":""},"class_list":["post-1178","page","type-page","status-publish","hentry"],"yoast_head":"<!-- This site is optimized with the Yoast SEO plugin v25.2 - https:\/\/yoast.com\/wordpress\/plugins\/seo\/ -->\n<title>Formulario de Aplicacion - Virtual X Connect LLC<\/title>\n<meta name=\"robots\" content=\"index, follow, max-snippet:-1, max-image-preview:large, max-video-preview:-1\" \/>\n<link rel=\"canonical\" href=\"https:\/\/virtualxconnect.com\/index.php\/formulario-de-aplicacion\/\" \/>\n<meta property=\"og:locale\" content=\"es_ES\" \/>\n<meta property=\"og:type\" content=\"article\" \/>\n<meta property=\"og:title\" content=\"Formulario de Aplicacion - Virtual X Connect LLC\" \/>\n<meta property=\"og:description\" content=\"Home Formulario de Aplicacion Productos y Servicios Quienes Somos? Aprenda sobre el descuento ACP Politicas de Privacidad Terminos y Condiciones de Uso Formulario\/ Orden de internet Internet Con ACP\" \/>\n<meta property=\"og:url\" content=\"https:\/\/virtualxconnect.com\/index.php\/formulario-de-aplicacion\/\" \/>\n<meta property=\"og:site_name\" content=\"Virtual X Connect LLC\" \/>\n<meta property=\"article:publisher\" content=\"https:\/\/www.facebook.com\/profile.php?id=100063566714193\" \/>\n<meta property=\"article:modified_time\" content=\"2023-04-15T01:11:41+00:00\" \/>\n<meta property=\"og:image\" content=\"https:\/\/virtualxconnect.com\/wp-content\/uploads\/2023\/04\/co_web_tv-300x289.png\" \/>\n<meta name=\"twitter:card\" content=\"summary_large_image\" \/>\n<meta name=\"twitter:site\" content=\"@virtualxconnect\" \/>\n<meta name=\"twitter:label1\" content=\"Tiempo de lectura\" \/>\n\t<meta name=\"twitter:data1\" content=\"1 minuto\" \/>\n<script type=\"application\/ld+json\" class=\"yoast-schema-graph\">{\"@context\":\"https:\/\/schema.org\",\"@graph\":[{\"@type\":\"WebPage\",\"@id\":\"https:\/\/virtualxconnect.com\/index.php\/formulario-de-aplicacion\/\",\"url\":\"https:\/\/virtualxconnect.com\/index.php\/formulario-de-aplicacion\/\",\"name\":\"Formulario de Aplicacion - Virtual X Connect LLC\",\"isPartOf\":{\"@id\":\"https:\/\/virtualxconnect.com\/#website\"},\"primaryImageOfPage\":{\"@id\":\"https:\/\/virtualxconnect.com\/index.php\/formulario-de-aplicacion\/#primaryimage\"},\"image\":{\"@id\":\"https:\/\/virtualxconnect.com\/index.php\/formulario-de-aplicacion\/#primaryimage\"},\"thumbnailUrl\":\"https:\/\/virtualxconnect.com\/wp-content\/uploads\/2023\/04\/co_web_tv-300x289.png\",\"datePublished\":\"2023-04-09T23:02:24+00:00\",\"dateModified\":\"2023-04-15T01:11:41+00:00\",\"breadcrumb\":{\"@id\":\"https:\/\/virtualxconnect.com\/index.php\/formulario-de-aplicacion\/#breadcrumb\"},\"inLanguage\":\"es\",\"potentialAction\":[{\"@type\":\"ReadAction\",\"target\":[\"https:\/\/virtualxconnect.com\/index.php\/formulario-de-aplicacion\/\"]}]},{\"@type\":\"ImageObject\",\"inLanguage\":\"es\",\"@id\":\"https:\/\/virtualxconnect.com\/index.php\/formulario-de-aplicacion\/#primaryimage\",\"url\":\"https:\/\/virtualxconnect.com\/wp-content\/uploads\/2023\/04\/co_web_tv-300x289.png\",\"contentUrl\":\"https:\/\/virtualxconnect.com\/wp-content\/uploads\/2023\/04\/co_web_tv-300x289.png\"},{\"@type\":\"BreadcrumbList\",\"@id\":\"https:\/\/virtualxconnect.com\/index.php\/formulario-de-aplicacion\/#breadcrumb\",\"itemListElement\":[{\"@type\":\"ListItem\",\"position\":1,\"name\":\"Portada\",\"item\":\"https:\/\/virtualxconnect.com\/\"},{\"@type\":\"ListItem\",\"position\":2,\"name\":\"Formulario de Aplicacion\"}]},{\"@type\":\"WebSite\",\"@id\":\"https:\/\/virtualxconnect.com\/#website\",\"url\":\"https:\/\/virtualxconnect.com\/\",\"name\":\"Virtual X Connect LLC\",\"description\":\"Conectando El Sur de California\",\"publisher\":{\"@id\":\"https:\/\/virtualxconnect.com\/#organization\"},\"potentialAction\":[{\"@type\":\"SearchAction\",\"target\":{\"@type\":\"EntryPoint\",\"urlTemplate\":\"https:\/\/virtualxconnect.com\/?s={search_term_string}\"},\"query-input\":{\"@type\":\"PropertyValueSpecification\",\"valueRequired\":true,\"valueName\":\"search_term_string\"}}],\"inLanguage\":\"es\"},{\"@type\":\"Organization\",\"@id\":\"https:\/\/virtualxconnect.com\/#organization\",\"name\":\"VirtualXConnect LLC\",\"url\":\"https:\/\/virtualxconnect.com\/\",\"logo\":{\"@type\":\"ImageObject\",\"inLanguage\":\"es\",\"@id\":\"https:\/\/virtualxconnect.com\/#\/schema\/logo\/image\/\",\"url\":\"https:\/\/virtualxconnect.com\/wp-content\/uploads\/2023\/04\/logo-transparent-png.png\",\"contentUrl\":\"https:\/\/virtualxconnect.com\/wp-content\/uploads\/2023\/04\/logo-transparent-png.png\",\"width\":4000,\"height\":1287,\"caption\":\"VirtualXConnect LLC\"},\"image\":{\"@id\":\"https:\/\/virtualxconnect.com\/#\/schema\/logo\/image\/\"},\"sameAs\":[\"https:\/\/www.facebook.com\/profile.php?id=100063566714193\",\"https:\/\/x.com\/virtualxconnect\"]}]}<\/script>\n<!-- \/ Yoast SEO plugin. -->","yoast_head_json":{"title":"Formulario de Aplicacion - Virtual X Connect LLC","robots":{"index":"index","follow":"follow","max-snippet":"max-snippet:-1","max-image-preview":"max-image-preview:large","max-video-preview":"max-video-preview:-1"},"canonical":"https:\/\/virtualxconnect.com\/index.php\/formulario-de-aplicacion\/","og_locale":"es_ES","og_type":"article","og_title":"Formulario de Aplicacion - Virtual X Connect LLC","og_description":"Home Formulario de Aplicacion Productos y Servicios Quienes Somos? Aprenda sobre el descuento ACP Politicas de Privacidad Terminos y Condiciones de Uso Formulario\/ Orden de internet Internet Con ACP","og_url":"https:\/\/virtualxconnect.com\/index.php\/formulario-de-aplicacion\/","og_site_name":"Virtual X Connect LLC","article_publisher":"https:\/\/www.facebook.com\/profile.php?id=100063566714193","article_modified_time":"2023-04-15T01:11:41+00:00","og_image":[{"url":"https:\/\/virtualxconnect.com\/wp-content\/uploads\/2023\/04\/co_web_tv-300x289.png","type":"","width":"","height":""}],"twitter_card":"summary_large_image","twitter_site":"@virtualxconnect","twitter_misc":{"Tiempo de lectura":"1 minuto"},"schema":{"@context":"https:\/\/schema.org","@graph":[{"@type":"WebPage","@id":"https:\/\/virtualxconnect.com\/index.php\/formulario-de-aplicacion\/","url":"https:\/\/virtualxconnect.com\/index.php\/formulario-de-aplicacion\/","name":"Formulario de Aplicacion - Virtual X Connect LLC","isPartOf":{"@id":"https:\/\/virtualxconnect.com\/#website"},"primaryImageOfPage":{"@id":"https:\/\/virtualxconnect.com\/index.php\/formulario-de-aplicacion\/#primaryimage"},"image":{"@id":"https:\/\/virtualxconnect.com\/index.php\/formulario-de-aplicacion\/#primaryimage"},"thumbnailUrl":"https:\/\/virtualxconnect.com\/wp-content\/uploads\/2023\/04\/co_web_tv-300x289.png","datePublished":"2023-04-09T23:02:24+00:00","dateModified":"2023-04-15T01:11:41+00:00","breadcrumb":{"@id":"https:\/\/virtualxconnect.com\/index.php\/formulario-de-aplicacion\/#breadcrumb"},"inLanguage":"es","potentialAction":[{"@type":"ReadAction","target":["https:\/\/virtualxconnect.com\/index.php\/formulario-de-aplicacion\/"]}]},{"@type":"ImageObject","inLanguage":"es","@id":"https:\/\/virtualxconnect.com\/index.php\/formulario-de-aplicacion\/#primaryimage","url":"https:\/\/virtualxconnect.com\/wp-content\/uploads\/2023\/04\/co_web_tv-300x289.png","contentUrl":"https:\/\/virtualxconnect.com\/wp-content\/uploads\/2023\/04\/co_web_tv-300x289.png"},{"@type":"BreadcrumbList","@id":"https:\/\/virtualxconnect.com\/index.php\/formulario-de-aplicacion\/#breadcrumb","itemListElement":[{"@type":"ListItem","position":1,"name":"Portada","item":"https:\/\/virtualxconnect.com\/"},{"@type":"ListItem","position":2,"name":"Formulario de Aplicacion"}]},{"@type":"WebSite","@id":"https:\/\/virtualxconnect.com\/#website","url":"https:\/\/virtualxconnect.com\/","name":"Virtual X Connect LLC","description":"Conectando El Sur de California","publisher":{"@id":"https:\/\/virtualxconnect.com\/#organization"},"potentialAction":[{"@type":"SearchAction","target":{"@type":"EntryPoint","urlTemplate":"https:\/\/virtualxconnect.com\/?s={search_term_string}"},"query-input":{"@type":"PropertyValueSpecification","valueRequired":true,"valueName":"search_term_string"}}],"inLanguage":"es"},{"@type":"Organization","@id":"https:\/\/virtualxconnect.com\/#organization","name":"VirtualXConnect LLC","url":"https:\/\/virtualxconnect.com\/","logo":{"@type":"ImageObject","inLanguage":"es","@id":"https:\/\/virtualxconnect.com\/#\/schema\/logo\/image\/","url":"https:\/\/virtualxconnect.com\/wp-content\/uploads\/2023\/04\/logo-transparent-png.png","contentUrl":"https:\/\/virtualxconnect.com\/wp-content\/uploads\/2023\/04\/logo-transparent-png.png","width":4000,"height":1287,"caption":"VirtualXConnect LLC"},"image":{"@id":"https:\/\/virtualxconnect.com\/#\/schema\/logo\/image\/"},"sameAs":["https:\/\/www.facebook.com\/profile.php?id=100063566714193","https:\/\/x.com\/virtualxconnect"]}]}},"_links":{"self":[{"href":"https:\/\/virtualxconnect.com\/index.php\/wp-json\/wp\/v2\/pages\/1178"}],"collection":[{"href":"https:\/\/virtualxconnect.com\/index.php\/wp-json\/wp\/v2\/pages"}],"about":[{"href":"https:\/\/virtualxconnect.com\/index.php\/wp-json\/wp\/v2\/types\/page"}],"author":[{"embeddable":true,"href":"https:\/\/virtualxconnect.com\/index.php\/wp-json\/wp\/v2\/users\/1"}],"replies":[{"embeddable":true,"href":"https:\/\/virtualxconnect.com\/index.php\/wp-json\/wp\/v2\/comments?post=1178"}],"version-history":[{"count":22,"href":"https:\/\/virtualxconnect.com\/index.php\/wp-json\/wp\/v2\/pages\/1178\/revisions"}],"predecessor-version":[{"id":1636,"href":"https:\/\/virtualxconnect.com\/index.php\/wp-json\/wp\/v2\/pages\/1178\/revisions\/1636"}],"wp:attachment":[{"href":"https:\/\/virtualxconnect.com\/index.php\/wp-json\/wp\/v2\/media?parent=1178"}],"curies":[{"name":"wp","href":"https:\/\/api.w.org\/{rel}","templated":true}]}}